{"id":39,"date":"2020-10-07T06:55:00","date_gmt":"2020-10-07T06:55:00","guid":{"rendered":"https:\/\/hasansaygin.com\/tr\/Hs\/?page_id=39"},"modified":"2025-02-22T12:26:32","modified_gmt":"2025-02-22T12:26:32","slug":"iletisim","status":"publish","type":"page","link":"https:\/\/hasansaygin.com\/tr\/iletisim\/","title":{"rendered":"\u0130leti\u015fim"},"content":{"rendered":"\r\n<p>&nbsp;<\/p>\r\n<div class=\"container\">\r\n<div class=\"row\">\r\n<div class=\"col-md-6\">\r\n<ul class=\"list-group\">\r\n<li class=\"list-group-item\"><strong><span style=\"font-family: Courier;\"><span style=\"font-size: medium;\"><span style=\"color: #000000;\"> +90 444 1 428 \u2013 12910 <br \/><a href=\"mailto:eurie@eurieeducationsummit.com\">hasansaygin@aydin.edu.tr<\/a> <\/span><\/span><\/span><\/strong><\/li>\r\n<li class=\"list-group-item\"><strong><span style=\"font-family: Courier;\"><span style=\"font-size: medium;\"><span style=\"color: #000000;\">Address:<\/span><\/span><\/span><\/strong> <span style=\"font-family: Courier;\"><span style=\"font-size: medium;\"><span style=\"color: #000000;\">\u0130stanbul Aydin \u00dcniversitesi Halit Ayd\u0131n Kamp\u00fcs\u00fc No:38, Sefak\u00f6y\u2013K\u00fc\u00e7\u00fck\u00e7ekmece, Istanbul<br \/><\/span> <\/span><\/span><\/li>\r\n<\/ul>\r\n<\/div>\r\n<div class=\"col-md-6\">\r\n<p class=\"black\"><strong style=\"font-size: 20px;\"><span style=\"font-family: Courier;\"><span style=\"font-size: medium;\"><span style=\"color: #000000;\">Follow us on Social Media<\/span><\/span><\/span><\/strong><\/p>\r\n<ul class=\"list-social-links list-clean\">\r\n<li>\u00a0<\/li>\r\n<li>\u00a0<\/li>\r\n<li>\u00a0<\/li>\r\n<li>\u00a0<\/li>\r\n<li>\u00a0<\/li>\r\n<\/ul>\r\n<\/div>\r\n<\/div>\r\n<\/div>\r\n\r\n\r\n\r\n<p>&nbsp;<\/p>\r\n\r\n\r\n\r\n<p>&nbsp;<\/p>\r\n\r\n\r\n\r\n<p>&nbsp;<\/p>\r\n\r\n\r\n\r\n<p>&nbsp;<\/p>\r\n","protected":false},"excerpt":{"rendered":"<p>&nbsp; +90 444 1 428 \u2013 12910 hasansaygin@aydin.edu.tr Address: \u0130stanbul Aydin \u00dcniversitesi Halit Ayd\u0131n Kamp\u00fcs\u00fc No:38, Sefak\u00f6y\u2013K\u00fc\u00e7\u00fck\u00e7ekmece, Istanbul Follow us on Social Media \u00a0 \u00a0 \u00a0 \u00a0 \u00a0 &nbsp; &nbsp; &nbsp; &nbsp;<\/p>\n","protected":false},"author":1,"featured_media":0,"parent":0,"menu_order":0,"comment_status":"closed","ping_status":"closed","template":"","meta":{"footnotes":""},"class_list":["post-39","page","type-page","status-publish","hentry","entry"],"_links":{"self":[{"href":"https:\/\/hasansaygin.com\/tr\/wp-json\/wp\/v2\/pages\/39","targetHints":{"allow":["GET"]}}],"collection":[{"href":"https:\/\/hasansaygin.com\/tr\/wp-json\/wp\/v2\/pages"}],"about":[{"href":"https:\/\/hasansaygin.com\/tr\/wp-json\/wp\/v2\/types\/page"}],"author":[{"embeddable":true,"href":"https:\/\/hasansaygin.com\/tr\/wp-json\/wp\/v2\/users\/1"}],"replies":[{"embeddable":true,"href":"https:\/\/hasansaygin.com\/tr\/wp-json\/wp\/v2\/comments?post=39"}],"version-history":[{"count":24,"href":"https:\/\/hasansaygin.com\/tr\/wp-json\/wp\/v2\/pages\/39\/revisions"}],"predecessor-version":[{"id":1318,"href":"https:\/\/hasansaygin.com\/tr\/wp-json\/wp\/v2\/pages\/39\/revisions\/1318"}],"wp:attachment":[{"href":"https:\/\/hasansaygin.com\/tr\/wp-json\/wp\/v2\/media?parent=39"}],"curies":[{"name":"wp","href":"https:\/\/api.w.org\/{rel}","templated":true}]}}